{"id":131,"date":"2017-04-17T09:44:36","date_gmt":"2017-04-17T09:44:36","guid":{"rendered":"http:\/\/hp.easyblogthemes.com\/tasty-food\/?page_id=2"},"modified":"2021-09-24T16:16:03","modified_gmt":"2021-09-24T19:16:03","slug":"sample-page-2","status":"publish","type":"page","link":"https:\/\/seitamacabra.com\/index.php\/sample-page-2\/","title":{"rendered":"SOBRE"},"content":{"rendered":"<p>Quatro amigos que est\u00e3o h\u00e1 muitos anos envolvidos com a cultura underground, punk, metal, hardcore, hip hop, arte, tatuagens, filmes, video games,\u00a0 resolveram se juntar\u00a0 para compartilhar a sua vis\u00e3o sobre cultura em geral e do mundo atrav\u00e9s de suas viv\u00eancias.<\/p>\n<p>Come\u00e7amos com um podcast, o Seita Macabra, e hoje somos um site de entretenimento e uma rede de podcasts,\u00a0 com v\u00e1rios assuntos diferentes, desde m\u00fasica at\u00e9 programas de TV.<\/p>\n<p>Se voc\u00ea quer fazer parte da nossa rede, entre em contato conosco! Ou ent\u00e3o, curta nosso conte\u00fado, envie coment\u00e1rios e sugest\u00f5es!<\/p>\n<p>Obrigado pela visita e que Deus Elimine voc\u00eas!<\/p>\n","protected":false},"excerpt":{"rendered":"<p>Quatro amigos que est\u00e3o h\u00e1 muitos anos envolvidos com a cultura underground, punk, metal, hardcore, hip hop, arte, tatuagens, filmes, video games,\u00a0 resolveram se juntar\u00a0 para compartilhar a sua vis\u00e3o sobre cultura em geral e do mundo atrav\u00e9s de suas viv\u00eancias. Come\u00e7amos com um podcast, o Seita Macabra, e hoje somos um site de entretenimento [&hellip;]<\/p>\n","protected":false},"author":1,"featured_media":634,"parent":0,"menu_order":0,"comment_status":"closed","ping_status":"open","template":"","meta":{"footnotes":""},"class_list":["post-131","page","type-page","status-publish","has-post-thumbnail","hentry"],"_links":{"self":[{"href":"https:\/\/seitamacabra.com\/index.php\/wp-json\/wp\/v2\/pages\/131","targetHints":{"allow":["GET"]}}],"collection":[{"href":"https:\/\/seitamacabra.com\/index.php\/wp-json\/wp\/v2\/pages"}],"about":[{"href":"https:\/\/seitamacabra.com\/index.php\/wp-json\/wp\/v2\/types\/page"}],"author":[{"embeddable":true,"href":"https:\/\/seitamacabra.com\/index.php\/wp-json\/wp\/v2\/users\/1"}],"replies":[{"embeddable":true,"href":"https:\/\/seitamacabra.com\/index.php\/wp-json\/wp\/v2\/comments?post=131"}],"version-history":[{"count":4,"href":"https:\/\/seitamacabra.com\/index.php\/wp-json\/wp\/v2\/pages\/131\/revisions"}],"predecessor-version":[{"id":635,"href":"https:\/\/seitamacabra.com\/index.php\/wp-json\/wp\/v2\/pages\/131\/revisions\/635"}],"wp:featuredmedia":[{"embeddable":true,"href":"https:\/\/seitamacabra.com\/index.php\/wp-json\/wp\/v2\/media\/634"}],"wp:attachment":[{"href":"https:\/\/seitamacabra.com\/index.php\/wp-json\/wp\/v2\/media?parent=131"}],"curies":[{"name":"wp","href":"https:\/\/api.w.org\/{rel}","templated":true}]}}